{"id":229,"date":"2025-11-20T10:49:50","date_gmt":"2025-11-20T09:49:50","guid":{"rendered":"https:\/\/tatouage-semi-permanent-mouthe.fr\/?page_id=229"},"modified":"2025-11-25T11:28:25","modified_gmt":"2025-11-25T10:28:25","slug":"mentions-legales","status":"publish","type":"page","link":"https:\/\/tatouage-semi-permanent-mouthe.fr\/?page_id=229","title":{"rendered":"Mentions l\u00e9gales"},"content":{"rendered":"\n<p><strong>Mentions l\u00e9gales conformes pour un site d\u2019entrepreneur individuel (EI)<\/strong><\/p>\n\n\n\n<p><strong>Mentions l\u00e9gales<\/strong><\/p>\n\n\n\n<p>Conform\u00e9ment \u00e0 l\u2019article 6 de la Loi n\u00b0 2004-575 du 21 juin 2004, il est pr\u00e9cis\u00e9 aux utilisateurs du site l\u2019identit\u00e9 du propri\u00e9taire et de l\u2019\u00e9diteur.<\/p>\n\n\n\n<h2 class=\"wp-block-heading\"><strong>\u00c9diteur du site<\/strong><\/h2>\n\n\n\n<p><strong>\u00c9milie Simon \u2013 Entrepreneur Individuel (EI)<\/strong><br>Tatouage &amp; Dermopigmentation<\/p>\n\n\n\n<p>Adresse professionnelle : 11 chemin ancienne gare, 25240 PETITE-CHAUX<\/p>\n\n\n\n<p>T\u00e9l\u00e9phone : 07 86 22 74 60<\/p>\n\n\n\n<p>Num\u00e9ro SIRET : 933 793 705 00015<\/p>\n\n\n\n<p>Responsable de la publication : <strong>\u00c9milie Simon (EI)<\/strong><\/p>\n\n\n\n<h2 class=\"wp-block-heading\"><strong>H\u00e9bergement du site<\/strong><\/h2>\n\n\n\n<p>Le site est h\u00e9berg\u00e9 par :<strong> OVH<\/strong><br>Adresse : <strong>2, rue Kellermann, 59100 Roubaix<\/strong><br>T\u00e9l\u00e9phone : 1007<\/p>\n\n\n\n<h2 class=\"wp-block-heading\"><strong>Activit\u00e9 r\u00e9glement\u00e9e<\/strong><\/h2>\n\n\n\n<p>Tatouage et dermopigmentation :<br>L\u2019activit\u00e9 est soumise au respect des normes d\u2019hygi\u00e8ne et de salubrit\u00e9 pr\u00e9vues par les articles R.1311-1 et suivants du Code de la sant\u00e9 publique.<br>Formation Hygi\u00e8ne &amp; Salubrit\u00e9 effectu\u00e9e en Octobre 2023, organisme : FormaBelle. <\/p>\n\n\n\n<h2 class=\"wp-block-heading\"><strong>Propri\u00e9t\u00e9 intellectuelle<\/strong><\/h2>\n\n\n\n<p>L\u2019ensemble du contenu du site (textes, photos, logos, cr\u00e9ations graphiques) est la propri\u00e9t\u00e9 exclusive d\u2019\u00c9milie Simon, sauf mention contraire.<br>Toute reproduction, totale ou partielle, est interdite sans autorisation.<\/p>\n\n\n\n<h2 class=\"wp-block-heading\"><strong>Donn\u00e9es personnelles<\/strong><\/h2>\n\n\n\n<p>Aucune donn\u00e9e personnelle n\u2019est collect\u00e9e via ce site.<br>Les prises de contact se font exclusivement par t\u00e9l\u00e9phone, \u00e0 l\u2019initiative de l\u2019utilisateur.<\/p>\n\n\n\n<h2 class=\"wp-block-heading\"><strong>Cookies<\/strong><\/h2>\n\n\n\n<p>Le site utilise uniquement des cookies techniques n\u00e9cessaires \u00e0 son fonctionnement.<br>Aucun cookie de suivi, de publicit\u00e9 ou d\u2019analyse n\u2019est utilis\u00e9.<\/p>\n\n\n\n<h2 class=\"wp-block-heading\"><strong>Cr\u00e9dit du site<\/strong><\/h2>\n\n\n\n<p>Design &amp; d\u00e9veloppement : <strong>Karine Olivetti <\/strong><\/p>\n","protected":false},"excerpt":{"rendered":"<p>Mentions l\u00e9gales conformes pour un site d\u2019entrepreneur individuel (EI) Mentions l\u00e9gales Conform\u00e9ment \u00e0 l\u2019article 6 de la Loi n\u00b0 2004-575 du 21 juin 2004, il est pr\u00e9cis\u00e9 aux utilisateurs du site l\u2019identit\u00e9 du propri\u00e9taire et de l\u2019\u00e9diteur. \u00c9diteur du site \u00c9milie Simon \u2013 Entrepreneur Individuel (EI)Tatouage &amp; Dermopigmentation Adresse professionnelle : 11 chemin ancienne gare, [&hellip;]<\/p>\n","protected":false},"author":1,"featured_media":0,"parent":0,"menu_order":0,"comment_status":"closed","ping_status":"closed","template":"","meta":{"_et_pb_use_builder":"","_et_pb_old_content":"","_et_gb_content_width":"","footnotes":""},"class_list":["post-229","page","type-page","status-publish","hentry"],"_links":{"self":[{"href":"https:\/\/tatouage-semi-permanent-mouthe.fr\/index.php?rest_route=\/wp\/v2\/pages\/229","targetHints":{"allow":["GET"]}}],"collection":[{"href":"https:\/\/tatouage-semi-permanent-mouthe.fr\/index.php?rest_route=\/wp\/v2\/pages"}],"about":[{"href":"https:\/\/tatouage-semi-permanent-mouthe.fr\/index.php?rest_route=\/wp\/v2\/types\/page"}],"author":[{"embeddable":true,"href":"https:\/\/tatouage-semi-permanent-mouthe.fr\/index.php?rest_route=\/wp\/v2\/users\/1"}],"replies":[{"embeddable":true,"href":"https:\/\/tatouage-semi-permanent-mouthe.fr\/index.php?rest_route=%2Fwp%2Fv2%2Fcomments&post=229"}],"version-history":[{"count":5,"href":"https:\/\/tatouage-semi-permanent-mouthe.fr\/index.php?rest_route=\/wp\/v2\/pages\/229\/revisions"}],"predecessor-version":[{"id":244,"href":"https:\/\/tatouage-semi-permanent-mouthe.fr\/index.php?rest_route=\/wp\/v2\/pages\/229\/revisions\/244"}],"wp:attachment":[{"href":"https:\/\/tatouage-semi-permanent-mouthe.fr\/index.php?rest_route=%2Fwp%2Fv2%2Fmedia&parent=229"}],"curies":[{"name":"wp","href":"https:\/\/api.w.org\/{rel}","templated":true}]}}