{"id":2,"date":"2025-07-04T09:59:21","date_gmt":"2025-07-04T07:59:21","guid":{"rendered":"https:\/\/tatouage-semi-permanent-mouthe.fr\/?page_id=2"},"modified":"2025-11-25T15:40:17","modified_gmt":"2025-11-25T14:40:17","slug":"accueil","status":"publish","type":"page","link":"https:\/\/tatouage-semi-permanent-mouthe.fr\/","title":{"rendered":"Accueil"},"content":{"rendered":"<p>[et_pb_section fb_built=&#8221;1&#8243; fullwidth=&#8221;on&#8221; _builder_version=&#8221;4.27.4&#8243; _module_preset=&#8221;default&#8221; background_image=&#8221;http:\/\/tatouage-semi-permanent-mouthe.fr\/wp-content\/uploads\/2025\/11\/jeune-femme-passant-par-un-traitement-de-microblading-scaled-1.jpg&#8221; min_height=&#8221;400px&#8221; global_colors_info=&#8221;{}&#8221;][et_pb_fullwidth_header title=&#8221;\u00c9milie Simon&#8221; subhead=&#8221;Maquillage semi-permanent &#038; Tatouage&#8221; _builder_version=&#8221;4.27.4&#8243; _module_preset=&#8221;default&#8221; title_font=&#8221;&#8211;et_global_heading_font||||||||&#8221; title_text_color=&#8221;gcid-e5a9d6d8-e6b4-4e6e-b226-8cb7576cc198&#8243; title_font_size=&#8221;47px&#8221; subhead_font=&#8221;&#8211;et_global_body_font|||on|||||&#8221; subhead_text_color=&#8221;#FFFFFF&#8221; subhead_font_size=&#8221;16px&#8221; background_enable_color=&#8221;off&#8221; custom_button_one=&#8221;on&#8221; button_one_text_color=&#8221;gcid-e5a9d6d8-e6b4-4e6e-b226-8cb7576cc198&#8243; button_one_bg_color=&#8221;gcid-c23eb907-c25f-4cea-a506-7e71237bd6d5&#8243; title_text_shadow_style=&#8221;preset5&#8243; title_text_shadow_horizontal_length=&#8221;0.05em&#8221; title_text_shadow_vertical_length=&#8221;0.03em&#8221; title_text_shadow_color=&#8221;#000000&#8243; subhead_text_shadow_style=&#8221;preset5&#8243; subhead_text_shadow_horizontal_length=&#8221;0em&#8221; subhead_text_shadow_color=&#8221;gcid-heading-color&#8221; global_colors_info=&#8221;{%22gcid-e5a9d6d8-e6b4-4e6e-b226-8cb7576cc198%22:%91%22button_one_text_color%22,%22title_text_color%22%93,%22gcid-c23eb907-c25f-4cea-a506-7e71237bd6d5%22:%91%22button_one_bg_color%22%93,%22gcid-heading-color%22:%91%22subhead_text_shadow_color%22%93}&#8221;][\/et_pb_fullwidth_header][\/et_pb_section][et_pb_section fb_built=&#8221;1&#8243; _builder_version=&#8221;4.27.4&#8243; _module_preset=&#8221;default&#8221; background_color=&#8221;gcid-c23eb907-c25f-4cea-a506-7e71237bd6d5&#8243; top_divider_style=&#8221;triangle&#8221; top_divider_color=&#8221;gcid-e5a9d6d8-e6b4-4e6e-b226-8cb7576cc198&#8243; top_divider_height=&#8221;32px&#8221; global_colors_info=&#8221;{%22gcid-e5a9d6d8-e6b4-4e6e-b226-8cb7576cc198%22:%91%22top_divider_color%22%93}&#8221;][et_pb_row column_structure=&#8221;1_3,1_3,1_3&#8243; _builder_version=&#8221;4.27.4&#8243; _module_preset=&#8221;default&#8221; global_colors_info=&#8221;{}&#8221;][et_pb_column type=&#8221;1_3&#8243; _builder_version=&#8221;4.27.4&#8243; _module_preset=&#8221;default&#8221; animation_style=&#8221;fade&#8221; border_color_bottom=&#8221;gcid-e5a9d6d8-e6b4-4e6e-b226-8cb7576cc198&#8243; global_colors_info=&#8221;{%22gcid-e5a9d6d8-e6b4-4e6e-b226-8cb7576cc198%22:%91%22border_color_bottom%22%93}&#8221;][et_pb_image src=&#8221;http:\/\/tatouage-semi-permanent-mouthe.fr\/wp-content\/uploads\/2025\/11\/e2e7c987-e3e7-486f-8fee-cce8b213820d.jpg&#8221; alt=&#8221;tatouage maquillage semi permanent mouthe&#8221; title_text=&#8221;cropped-e2e7c987-e3e7-486f-8fee-cce8b213820d&#8221; align=&#8221;center&#8221; _builder_version=&#8221;4.27.4&#8243; _module_preset=&#8221;default&#8221; border_radii=&#8221;off|10px|10px||&#8221; border_style_all=&#8221;none&#8221; global_colors_info=&#8221;{}&#8221;][\/et_pb_image][\/et_pb_column][et_pb_column type=&#8221;1_3&#8243; _builder_version=&#8221;4.27.4&#8243; _module_preset=&#8221;default&#8221; global_colors_info=&#8221;{}&#8221;][et_pb_text _builder_version=&#8221;4.27.4&#8243; _module_preset=&#8221;default&#8221; header_2_text_color=&#8221;gcid-e5a9d6d8-e6b4-4e6e-b226-8cb7576cc198&#8243; header_2_font_size=&#8221;44px&#8221; global_colors_info=&#8221;{%22gcid-e5a9d6d8-e6b4-4e6e-b226-8cb7576cc198%22:%91%22header_2_text_color%22%93}&#8221;]<\/p>\n<h2 style=\"text-align: center;\">A PROPOS<\/h2>\n<p>[\/et_pb_text][et_pb_text _builder_version=&#8221;4.27.4&#8243; _module_preset=&#8221;95a75bcb-f322-4353-a2d4-3bfd89dae4f5&#8243; text_font=&#8221;&#8211;et_global_body_font||||||||&#8221; text_text_color=&#8221;gcid-659e32b7-db07-4a08-aa62-c0a380484bd5&#8243; global_colors_info=&#8221;{%22gcid-659e32b7-db07-4a08-aa62-c0a380484bd5%22:%91%22text_text_color%22%93}&#8221;]<\/p>\n<p style=\"text-align: justify;\"><span>Bienvenue sur mon site, <\/span><\/p>\n<p style=\"text-align: justify;\"><span>Sp\u00e9cialis\u00e9e en maquillage semi-permanent et en tatouage artistique, je mets mon savoir-faire et ma sensibilit\u00e9 au service de votre corps et de votre histoire. <\/span><\/p>\n<p style=\"text-align: justify;\"><span>En effet, en 2018, suite \u00e0 un cancer agressif, j\u2019ai fait le choix de me reconvertir dans ce domaine. Ce parcours personnel m\u2019a profond\u00e9ment transform\u00e9e et donn\u00e9 la volont\u00e9 d\u2019accompagner les autres avec bienveillance, respect et pr\u00e9cision. Aujourd\u2019hui, je propose des prestations sur mesure, allant de la reconstruction d\u2019ar\u00e9oles mammaires \u00e0 des soins esth\u00e9tiques du visage (sourcils, l\u00e8vres, eyeliner), ainsi que du tatouage artistique, toujours r\u00e9alis\u00e9 avec attention et intention.<\/span><\/p>\n<p style=\"text-align: justify;\"><span> Mon approche est avant tout humaine. Chaque personne est unique, chaque geste a du sens. Que ce soit pour retrouver confiance en soi apr\u00e8s une \u00e9preuve, sublimer sa beaut\u00e9 naturelle ou marquer une \u00e9tape importante de sa vie, je suis l\u00e0 pour vous, avec \u00e9coute et d\u00e9licatesse.\u00a0<\/span><\/p>\n<p>[\/et_pb_text][\/et_pb_column][et_pb_column type=&#8221;1_3&#8243; _builder_version=&#8221;4.27.4&#8243; _module_preset=&#8221;default&#8221; global_colors_info=&#8221;{}&#8221;][et_pb_text _builder_version=&#8221;4.27.4&#8243; _module_preset=&#8221;ac087cbc-bd7b-4fb1-b906-e40b1362d0de&#8221; text_font=&#8221;&#8211;et_global_body_font||||||||&#8221; text_text_color=&#8221;gcid-659e32b7-db07-4a08-aa62-c0a380484bd5&#8243; global_colors_info=&#8221;{%22gcid-659e32b7-db07-4a08-aa62-c0a380484bd5%22:%91%22text_text_color%22%93}&#8221;]<\/p>\n<p style=\"text-align: justify;\"><span>N\u2019h\u00e9sitez pas \u00e0 d\u00e9couvrir mon univers, mes r\u00e9alisations, et \u00e0 me contacter pour en savoir plus. Au plaisir de vous rencontrer et de partager avec vous ce moment pr\u00e9cieux.<\/span><\/p>\n<p>[\/et_pb_text][et_pb_image src=&#8221;http:\/\/tatouage-semi-permanent-mouthe.fr\/wp-content\/uploads\/2025\/11\/tatoueur-experimente-travaillant-sur-le-tatouage-du-client-1-scaled-1.jpg&#8221; title_text=&#8221;tatoueur-experimente-travaillant-sur-le-tatouage-du-client-1-scaled&#8221; _builder_version=&#8221;4.27.4&#8243; _module_preset=&#8221;default&#8221; global_colors_info=&#8221;{}&#8221;][\/et_pb_image][\/et_pb_column][\/et_pb_row][\/et_pb_section][et_pb_section fb_built=&#8221;1&#8243; _builder_version=&#8221;4.27.4&#8243; _module_preset=&#8221;default&#8221; background_color=&#8221;gcid-primary-color&#8221; global_colors_info=&#8221;{%22gcid-primary-color%22:%91%22background_color%22%93}&#8221;][et_pb_row _builder_version=&#8221;4.27.4&#8243; _module_preset=&#8221;default&#8221; global_colors_info=&#8221;{}&#8221;][et_pb_column type=&#8221;4_4&#8243; _builder_version=&#8221;4.27.4&#8243; _module_preset=&#8221;default&#8221; global_colors_info=&#8221;{}&#8221;][et_pb_text _builder_version=&#8221;4.27.4&#8243; _module_preset=&#8221;default&#8221; header_2_text_color=&#8221;gcid-e5a9d6d8-e6b4-4e6e-b226-8cb7576cc198&#8243; header_2_font_size=&#8221;44px&#8221; custom_padding=&#8221;||0px|||&#8221; global_colors_info=&#8221;{%22gcid-e5a9d6d8-e6b4-4e6e-b226-8cb7576cc198%22:%91%22header_2_text_color%22%93}&#8221;]<\/p>\n<h2 style=\"text-align: center;\">Prestations<\/h2>\n<p>[\/et_pb_text][\/et_pb_column][\/et_pb_row][et_pb_row column_structure=&#8221;1_2,1_2&#8243; _builder_version=&#8221;4.27.4&#8243; _module_preset=&#8221;default&#8221; global_colors_info=&#8221;{}&#8221;][et_pb_column type=&#8221;1_2&#8243; _builder_version=&#8221;4.27.4&#8243; _module_preset=&#8221;default&#8221; global_colors_info=&#8221;{}&#8221;][et_pb_text _builder_version=&#8221;4.27.4&#8243; _module_preset=&#8221;default&#8221; header_2_text_color=&#8221;gcid-e5a9d6d8-e6b4-4e6e-b226-8cb7576cc198&#8243; header_2_font_size=&#8221;44px&#8221; header_3_text_color=&#8221;gcid-e5a9d6d8-e6b4-4e6e-b226-8cb7576cc198&#8243; global_colors_info=&#8221;{%22gcid-e5a9d6d8-e6b4-4e6e-b226-8cb7576cc198%22:%91%22header_2_text_color%22,%22header_3_text_color%22%93}&#8221;]<\/p>\n<h3 style=\"text-align: center;\">Tatouage<\/h3>\n<p>[\/et_pb_text][et_pb_text _builder_version=&#8221;4.27.4&#8243; _module_preset=&#8221;default&#8221; text_text_color=&#8221;gcid-659e32b7-db07-4a08-aa62-c0a380484bd5&#8243; global_colors_info=&#8221;{%22gcid-659e32b7-db07-4a08-aa62-c0a380484bd5%22:%91%22text_text_color%22%93}&#8221;]<\/p>\n<p data-start=\"528\" data-end=\"838\">Cr\u00e9ation de tatouages fins, d\u00e9licats ou plus affirm\u00e9s, r\u00e9alis\u00e9s avec pr\u00e9cision et sensibilit\u00e9. Chaque projet est pens\u00e9 avec vous, pour cr\u00e9er une pi\u00e8ce unique qui refl\u00e8te votre histoire, vos \u00e9motions ou vos envies. Emilie privil\u00e9gie un travail propre, soign\u00e9 et respectueux de la peau.<\/p>\n<p data-start=\"1596\" data-end=\"1751\"><strong data-start=\"1596\" data-end=\"1641\">Chaque prestation est r\u00e9alis\u00e9e sur mesure<\/strong>, apr\u00e8s un \u00e9change approfondi et un devis personnalis\u00e9.<br data-start=\"1696\" data-end=\"1699\" \/>Le tout dans un cadre calme, propre et bienveillant.<\/p>\n<p>[\/et_pb_text][\/et_pb_column][et_pb_column type=&#8221;1_2&#8243; _builder_version=&#8221;4.27.4&#8243; _module_preset=&#8221;default&#8221; global_colors_info=&#8221;{}&#8221;][et_pb_text _builder_version=&#8221;4.27.4&#8243; _module_preset=&#8221;default&#8221; header_2_text_color=&#8221;gcid-e5a9d6d8-e6b4-4e6e-b226-8cb7576cc198&#8243; header_2_font_size=&#8221;44px&#8221; header_3_text_color=&#8221;gcid-e5a9d6d8-e6b4-4e6e-b226-8cb7576cc198&#8243; global_colors_info=&#8221;{%22gcid-e5a9d6d8-e6b4-4e6e-b226-8cb7576cc198%22:%91%22header_2_text_color%22,%22header_3_text_color%22%93}&#8221;]<\/p>\n<h3 style=\"text-align: center;\">Dermopigmentation<\/h3>\n<p>[\/et_pb_text][et_pb_text _builder_version=&#8221;4.27.4&#8243; _module_preset=&#8221;default&#8221; text_text_color=&#8221;gcid-659e32b7-db07-4a08-aa62-c0a380484bd5&#8243; global_colors_info=&#8221;{%22gcid-659e32b7-db07-4a08-aa62-c0a380484bd5%22:%91%22text_text_color%22%93}&#8221;]<\/p>\n<p data-start=\"840\" data-end=\"1027\"><strong data-start=\"840\" data-end=\"872\">Dermopigmentation esth\u00e9tique<\/strong><br data-start=\"872\" data-end=\"875\" \/>&#8211; Sourcils (ombr\u00e9s, r\u00e9alistes, restructuration)<br data-start=\"922\" data-end=\"925\" \/>&#8211; L\u00e8vres (effet naturel, bouche harmonis\u00e9e)<br data-start=\"968\" data-end=\"971\" \/>&#8211; Eyeliner (ligne d\u00e9licate, intensification du regard)<\/p>\n<p data-start=\"1029\" data-end=\"1225\">Ces techniques subliment votre visage tout en respectant sa morphologie. Elles permettent de corriger une asym\u00e9trie, d\u2019apporter de la d\u00e9finition, ou simplement de r\u00e9v\u00e9ler une beaut\u00e9 d\u00e9j\u00e0 pr\u00e9sente.<\/p>\n<p data-start=\"1227\" data-end=\"1367\"><strong data-start=\"1227\" data-end=\"1260\">Dermopigmentation r\u00e9paratrice<\/strong><br data-start=\"1260\" data-end=\"1263\" \/>&#8211; Reconstruction d\u2019ar\u00e9oles mammaires<br data-start=\"1299\" data-end=\"1302\" \/>&#8211; Camouflage cicatrices \/ zones d\u00e9pigment\u00e9es (selon indication)<\/p>\n<p data-start=\"1369\" data-end=\"1594\">Un travail d\u00e9licat, exigeant, qui vise \u00e0 restaurer l\u2019int\u00e9grit\u00e9 du corps et la confiance en soi apr\u00e8s une \u00e9preuve. Je porte une attention particuli\u00e8re \u00e0 ces prestations, qui demandent autant de technique que de compassion.<\/p>\n<p>[\/et_pb_text][\/et_pb_column][\/et_pb_row][\/et_pb_section][et_pb_section fb_built=&#8221;1&#8243; _builder_version=&#8221;4.27.4&#8243; _module_preset=&#8221;default&#8221; background_color=&#8221;gcid-c23eb907-c25f-4cea-a506-7e71237bd6d5&#8243; custom_padding=&#8221;0px||0px|||&#8221; border_color_all=&#8221;gcid-e5a9d6d8-e6b4-4e6e-b226-8cb7576cc198&#8243; border_style_all=&#8221;double&#8221; global_colors_info=&#8221;{%22gcid-c23eb907-c25f-4cea-a506-7e71237bd6d5%22:%91%22background_color%22%93,%22gcid-e5a9d6d8-e6b4-4e6e-b226-8cb7576cc198%22:%91%22border_color_all%22%93}&#8221;][et_pb_row _builder_version=&#8221;4.27.4&#8243; _module_preset=&#8221;default&#8221; global_colors_info=&#8221;{}&#8221;][et_pb_column type=&#8221;4_4&#8243; _builder_version=&#8221;4.27.4&#8243; _module_preset=&#8221;default&#8221; global_colors_info=&#8221;{}&#8221;][et_pb_text _builder_version=&#8221;4.27.4&#8243; _module_preset=&#8221;default&#8221; header_2_text_color=&#8221;gcid-e5a9d6d8-e6b4-4e6e-b226-8cb7576cc198&#8243; header_2_font_size=&#8221;44px&#8221; global_colors_info=&#8221;{%22gcid-e5a9d6d8-e6b4-4e6e-b226-8cb7576cc198%22:%91%22header_2_text_color%22%93}&#8221;]<\/p>\n<h2 style=\"text-align: center;\">Portfolio<\/h2>\n<p>[\/et_pb_text][\/et_pb_column][\/et_pb_row][\/et_pb_section][et_pb_section fb_built=&#8221;1&#8243; admin_label=&#8221;Categories&#8221; _builder_version=&#8221;4.27.4&#8243; _module_preset=&#8221;_initial&#8221; background_color=&#8221;gcid-c23eb907-c25f-4cea-a506-7e71237bd6d5&#8243; custom_padding=&#8221;0px|0px|0px|0px|true|true&#8221; global_colors_info=&#8221;{%22gcid-c23eb907-c25f-4cea-a506-7e71237bd6d5%22:%91%22background_color%22%93}&#8221;][et_pb_row column_structure=&#8221;1_2,1_2&#8243; _builder_version=&#8221;4.27.4&#8243; _module_preset=&#8221;default&#8221; global_colors_info=&#8221;{}&#8221;][et_pb_column type=&#8221;1_2&#8243; _builder_version=&#8221;4.27.4&#8243; _module_preset=&#8221;default&#8221; global_colors_info=&#8221;{}&#8221;][dmg_masonry_gallery gallery=&#8221;256,259,274,261,272,269,266&#8243; _builder_version=&#8221;4.27.4&#8243; _module_preset=&#8221;default&#8221; global_colors_info=&#8221;{}&#8221;][\/dmg_masonry_gallery][\/et_pb_column][et_pb_column type=&#8221;1_2&#8243; _builder_version=&#8221;4.27.4&#8243; _module_preset=&#8221;default&#8221; global_colors_info=&#8221;{}&#8221;][dmg_masonry_gallery gallery_mode=&#8221;minimized&#8221; gallery=&#8221;267,264,268,258,270,262&#8243; _builder_version=&#8221;4.27.4&#8243; _module_preset=&#8221;default&#8221; global_colors_info=&#8221;{}&#8221;][\/dmg_masonry_gallery][\/et_pb_column][\/et_pb_row][\/et_pb_section][et_pb_section fb_built=&#8221;1&#8243; admin_label=&#8221;Footer&#8221; _builder_version=&#8221;4.27.4&#8243; _module_preset=&#8221;default&#8221; background_color=&#8221;gcid-primary-color&#8221; saved_tabs=&#8221;all&#8221; collapsed=&#8221;on&#8221; global_colors_info=&#8221;{%22gcid-primary-color%22:%91%22background_color%22%93}&#8221;][et_pb_row column_structure=&#8221;1_2,1_2&#8243; _builder_version=&#8221;4.25.1&#8243; _module_preset=&#8221;default&#8221; global_colors_info=&#8221;{}&#8221;][et_pb_column type=&#8221;1_2&#8243; _builder_version=&#8221;4.25.1&#8243; _module_preset=&#8221;default&#8221; global_colors_info=&#8221;{}&#8221;][et_pb_heading title=&#8221;CONTACT&#8221; _builder_version=&#8221;4.27.4&#8243; _module_preset=&#8221;_initial&#8221; title_level=&#8221;h2&#8243; title_font=&#8221;&#8211;et_global_heading_font||||||||&#8221; title_text_color=&#8221;gcid-e5a9d6d8-e6b4-4e6e-b226-8cb7576cc198&#8243; title_font_size=&#8221;56px&#8221; title_line_height=&#8221;1.2em&#8221; custom_margin=&#8221;||10px||false|false&#8221; title_font_size_tablet=&#8221;32px&#8221; title_font_size_phone=&#8221;20px&#8221; title_font_size_last_edited=&#8221;on|desktop&#8221; global_colors_info=&#8221;{%22gcid-e5a9d6d8-e6b4-4e6e-b226-8cb7576cc198%22:%91%22title_text_color%22%93}&#8221;][\/et_pb_heading][et_pb_text _builder_version=&#8221;4.27.4&#8243; _module_preset=&#8221;default&#8221; text_text_color=&#8221;gcid-659e32b7-db07-4a08-aa62-c0a380484bd5&#8243; hover_enabled=&#8221;0&#8243; global_colors_info=&#8221;{%22gcid-659e32b7-db07-4a08-aa62-c0a380484bd5%22:%91%22text_text_color%22%93}&#8221; sticky_enabled=&#8221;0&#8243;]<\/p>\n<p data-start=\"261\" data-end=\"465\">Pour toute question, prise de rendez-vous ou demande d\u2019informations, je vous r\u00e9ponds personnellement par t\u00e9l\u00e9phone.<br data-start=\"379\" data-end=\"382\" \/>Chaque prestation n\u00e9cessite un \u00e9change pr\u00e9alable afin de vous accompagner au mieux.<\/p>\n<p data-start=\"467\" data-end=\"558\">\ud83d\udcde<span style=\"color: #ffffff;\"> <strong data-start=\"470\" data-end=\"488\"><a href=\"tel:+330786227460\" style=\"color: #ffffff;\">07 86 22 74 60<\/a><\/strong><\/span><\/p>\n<p data-start=\"560\" data-end=\"701\"><strong data-start=\"560\" data-end=\"585\">Horaires de contact :<\/strong><br data-start=\"585\" data-end=\"588\" \/>Lundi au Vendredi \u2013 9h \u00e0 18h<br data-start=\"616\" data-end=\"619\" \/>Samedi \u2013 10h \u00e0 16<\/p>\n<p data-start=\"703\" data-end=\"811\">Un espace chaleureux, propre et bienveillant vous attend pour votre s\u00e9ance. Au plaisir d\u2019\u00e9changer avec vous.<\/p>\n<p>[\/et_pb_text][\/et_pb_column][et_pb_column type=&#8221;1_2&#8243; _builder_version=&#8221;4.25.1&#8243; _module_preset=&#8221;default&#8221; global_colors_info=&#8221;{}&#8221;][\/et_pb_column][\/et_pb_row][\/et_pb_section]<\/p>\n","protected":false},"excerpt":{"rendered":"<p>A PROPOSBienvenue sur mon site, Sp\u00e9cialis\u00e9e en maquillage semi-permanent et en tatouage artistique, je mets mon savoir-faire et ma sensibilit\u00e9 au service de votre corps et de votre histoire. En effet, en 2018, suite \u00e0 un cancer agressif, j\u2019ai fait le choix de me reconvertir dans ce domaine. Ce parcours personnel m\u2019a profond\u00e9ment transform\u00e9e et [&hellip;]<\/p>\n","protected":false},"author":1,"featured_media":0,"parent":0,"menu_order":0,"comment_status":"closed","ping_status":"closed","template":"","meta":{"_et_pb_use_builder":"on","_et_pb_old_content":"<!-- wp:paragraph -->\n<p>Ceci est une page d\u2019exemple. C\u2019est diff\u00e9rent d\u2019un article de blog parce qu\u2019elle restera au m\u00eame endroit et appara\u00eetra dans la navigation de votre site (dans la plupart des th\u00e8mes). La plupart des gens commencent par une page \u00ab\u00a0\u00c0 propos\u00a0\u00bb qui les pr\u00e9sente aux personnes visitant le site. Cela pourrait ressembler \u00e0 quelque chose comme cela\u00a0:<\/p>\n<!-- \/wp:paragraph -->\n\n<!-- wp:quote -->\n<blockquote class=\"wp-block-quote\"><p>Bonjour\u00a0! Je suis un m\u00e9canicien qui aspire \u00e0 devenir acteur, et voici mon site. J\u2019habite \u00e0 Bordeaux, j\u2019ai un super chien baptis\u00e9 Russell, et j\u2019aime la vodka (ainsi qu\u2019\u00eatre surpris par la pluie soudaine lors de longues balades sur la plage au coucher du soleil).<\/p><\/blockquote>\n<!-- \/wp:quote -->\n\n<!-- wp:paragraph -->\n<p>\u2026ou quelque chose comme cela\u00a0:<\/p>\n<!-- \/wp:paragraph -->\n\n<!-- wp:quote -->\n<blockquote class=\"wp-block-quote\"><p>La soci\u00e9t\u00e9 123 Machin Truc a \u00e9t\u00e9 cr\u00e9\u00e9e en 1971, et n\u2019a cess\u00e9 de proposer au public des machins-trucs de qualit\u00e9 depuis lors. Situ\u00e9e \u00e0 Saint-Remy-en-Bouzemont-Saint-Genest-et-Isson, 123 Machin Truc emploie 2 000 personnes, et fabrique toutes sortes de bidules supers pour la communaut\u00e9 bouzemontoise.<\/p><\/blockquote>\n<!-- \/wp:quote -->\n\n<!-- wp:paragraph -->\n<p>En tant que nouvel utilisateur ou utilisatrice de WordPress, vous devriez vous rendre sur <a href=\"https:\/\/tatouage-semi-permanent-mouthe.fr\/wp-admin\/\">votre tableau de bord<\/a> pour supprimer cette page et cr\u00e9er de nouvelles pages pour votre contenu. Amusez-vous bien\u00a0!<\/p>\n<!-- \/wp:paragraph -->","_et_gb_content_width":"","footnotes":""},"class_list":["post-2","page","type-page","status-publish","hentry"],"_links":{"self":[{"href":"https:\/\/tatouage-semi-permanent-mouthe.fr\/index.php?rest_route=\/wp\/v2\/pages\/2","targetHints":{"allow":["GET"]}}],"collection":[{"href":"https:\/\/tatouage-semi-permanent-mouthe.fr\/index.php?rest_route=\/wp\/v2\/pages"}],"about":[{"href":"https:\/\/tatouage-semi-permanent-mouthe.fr\/index.php?rest_route=\/wp\/v2\/types\/page"}],"author":[{"embeddable":true,"href":"https:\/\/tatouage-semi-permanent-mouthe.fr\/index.php?rest_route=\/wp\/v2\/users\/1"}],"replies":[{"embeddable":true,"href":"https:\/\/tatouage-semi-permanent-mouthe.fr\/index.php?rest_route=%2Fwp%2Fv2%2Fcomments&post=2"}],"version-history":[{"count":38,"href":"https:\/\/tatouage-semi-permanent-mouthe.fr\/index.php?rest_route=\/wp\/v2\/pages\/2\/revisions"}],"predecessor-version":[{"id":283,"href":"https:\/\/tatouage-semi-permanent-mouthe.fr\/index.php?rest_route=\/wp\/v2\/pages\/2\/revisions\/283"}],"wp:attachment":[{"href":"https:\/\/tatouage-semi-permanent-mouthe.fr\/index.php?rest_route=%2Fwp%2Fv2%2Fmedia&parent=2"}],"curies":[{"name":"wp","href":"https:\/\/api.w.org\/{rel}","templated":true}]}}